{"id":2026,"date":"2014-02-18T05:01:33","date_gmt":"2014-02-18T05:01:33","guid":{"rendered":"https:\/\/shopper\/?page_id=2026"},"modified":"2017-12-15T22:24:50","modified_gmt":"2017-12-15T22:24:50","slug":"casos","status":"publish","type":"page","link":"https:\/\/dowerpeople.com\/principal\/blog-2\/casos\/","title":{"rendered":"Casos de \u00e9xito"},"content":{"rendered":"<p><div class=\"blox-row-fullwidth  \" style=\"padding-top:120px;padding-bottom:120px;background-image: url(https:\/\/dowerpeople.com\/principal\/wp-content\/uploads\/2017\/12\/head-hunter-gestion-talento-compensacion.jpg); background-position: center bottom;background-size: cover;background-attachment: scroll;\" >\n\t\t\t\t\t<div class=\"row-overlay\" style=\"background-color:rgba(10,10,10,0.4);\"><\/div>\n\t\t\t\t\t<div class=\"container\"><div class=\"wrapper\"><div class=\"row blox-row \"><div class=\"col-xs-12 col-sm-12 col-md-12 col-lg-12\"><div class='blox-element blox-element-text   ' data-animate='none'>\n<h1 style=\"text-align: center;\"><span style=\"color: #ffffff;\">A la fecha hemos desarrollado 90 proyectos para 60 empresas en 10 pa\u00edses de Latinoam\u00e9rica<\/span><\/h1><\/div><\/div><\/div><\/div><\/div>\n\t\t\t\t<\/div><div class=\"wrapper \" style=\"\"><div class=\"row blox-row \"><div class=\"col-xs-12 col-sm-12 col-md-12 col-lg-12\"><div class='blox-element divider space  ' style='height:60px;'><\/div><div class=\"blox-element blog grid-loop   \">\n                            <div class=\"row\">\n                                <div class=\"loop-container\">    <div class=\"col-md-6 col-sm-6 col-xs-12 loop-item\">\n        <article itemscope itemtype='http:\/\/schema.org\/BlogPosting' class=\"entry format-standard post-4237 post type-post status-publish has-post-thumbnail hentry category-business category-performance\">\n            <div class=\"entry-media\">\n                        <a href=\"https:\/\/dowerpeople.com\/principal\/sector-salud-2\/\"><img decoding=\"async\" itemprop=\"image\" src=\"https:\/\/dowerpeople.com\/principal\/wp-content\/uploads\/2017\/09\/sector-salud-talento-humano-600x350.jpg\" alt=\"\" class=\"img-responsive\" \/><\/a>\n                    <\/div>            <div class=\"relative\">\n                <div class=\"entry-title\">\n                    <h2 itemprop=\"headline\">\n                        <a itemprop=\"url\" href=\"https:\/\/dowerpeople.com\/principal\/sector-salud-2\/\">Sector Salud<\/a>\n                    <\/h2>\n                <\/div>\n                        <div class=\"entry-content post-content\">\n            <p><b>Productividad y Modelo de Incentivos para Comerciales a nivel <\/b><b>nacional.<\/b><\/p>\n<p>Productividad y Retribuci\u00f3n de los Profesionales de la Salud Asistenciales. Definici\u00f3n un Modelo de Agendamiento y Capacidad que optimiz\u00f3 la utilizaci\u00f3n de los recursos y redujo el valor de los honorarios. Implementaci\u00f3n de una Nueva Estructura de Compensaci\u00f3n para los Profesionales de la Salud Asistenciales (Generales y Especialistas). <a href=\"https:\/\/dowerpeople.com\/principal\/sector-salud-2\/#more-4237\" class=\"more-link\"><span class=\"btn btn-default btn-sm\">Read more<\/span><\/a><\/p>\n        <\/div>\n                    <ul class=\"entry-meta list-inline\">\n                    <li itemprop=\"datePublished\" class=\"meta-date\">15 abril, 2026<\/li>\n                    <li itemprop=\"author\" class=\"meta-author\">BY <a href=\"https:\/\/dowerpeople.com\/principal\/author\/dower\/\" title=\"Entradas de dower\" rel=\"author\">dower<\/a><\/li>\n                    <li itemprop=\"keywords\" class=\"meta-category\">In <a href=\"https:\/\/dowerpeople.com\/principal\/category\/business\/\" rel=\"category tag\">Business<\/a>, <a href=\"https:\/\/dowerpeople.com\/principal\/category\/performance\/\" rel=\"category tag\">Performance<\/a><\/li>\n                    <li itemprop=\"comment\" class=\"meta-comment pull-right\"><a href='https:\/\/dowerpeople.com\/principal\/sector-salud-2\/#respond' title='<i class=\"glyphicon glyphicon-comment\"><\/i> 0'> <i class=\"glyphicon glyphicon-comment\"><\/i> 0<\/a><\/li>\n                    <li class=\"meta-like pull-right\"><a href=\"javascript:;\" data-pid=\"4237\" class=\"\"><i class=\"glyphicon glyphicon-heart\"><\/i> <span>1<\/span><\/a><\/li>\n                <\/ul>\n            <\/div>\n        <\/article>\n    <\/div>\n        <div class=\"col-md-6 col-sm-6 col-xs-12 loop-item\">\n        <article itemscope itemtype='http:\/\/schema.org\/BlogPosting' class=\"entry format-image post-1 post type-post status-publish has-post-thumbnail hentry category-servicio-al-cliente category-talento-humano category-ventas post_format-post-format-image\">\n            <div class=\"entry-media\">\n                        <a href=\"https:\/\/dowerpeople.com\/principal\/sector-automotriz\/\"><img decoding=\"async\" itemprop=\"image\" src=\"https:\/\/dowerpeople.com\/principal\/wp-content\/uploads\/2017\/09\/sector-automotriz-head-hunter-600x350.jpg\" alt=\"\" class=\"img-responsive\" \/><\/a>\n                    <\/div>            <div class=\"relative\">\n                <div class=\"entry-title\">\n                    <h2 itemprop=\"headline\">\n                        <a itemprop=\"url\" href=\"https:\/\/dowerpeople.com\/principal\/sector-automotriz\/\">Sector Automotr\u00edz<\/a>\n                    <\/h2>\n                <\/div>\n                        <div class=\"entry-content post-content\">\n            <p><b>Dise\u00f1o<\/b><b>, implantaci\u00f3n y mantenimiento del Modelo de Certificaci\u00f3n Comercial de Gerentes Comerciales\u00a0y Asesores de Ventas para la red <\/b><b>nacional de Concesionarios de la Marca.<\/b><\/p>\n<p>Para la fuerza comercial en Colombia, desarrollamos y creamos Contenidos y Acciones Formativas Presenciales y Virtuales, implementamos procesos de\u00a0Certificaci\u00f3n de Gerentes en tres niveles de Certificaci\u00f3n, de igual manera llevamos a cabo el proceso de\u00a0Certificaci\u00f3n de Asesores comerciales en tres niveles de Certificaci\u00f3n. <a href=\"https:\/\/dowerpeople.com\/principal\/sector-automotriz\/#more-1\" class=\"more-link\"><span class=\"btn btn-default btn-sm\">Read more<\/span><\/a><\/p>\n        <\/div>\n                    <ul class=\"entry-meta list-inline\">\n                    <li itemprop=\"datePublished\" class=\"meta-date\">15 abril, 2026<\/li>\n                    <li itemprop=\"author\" class=\"meta-author\">BY <a href=\"https:\/\/dowerpeople.com\/principal\/author\/dower\/\" title=\"Entradas de dower\" rel=\"author\">dower<\/a><\/li>\n                    <li itemprop=\"keywords\" class=\"meta-category\">In <a href=\"https:\/\/dowerpeople.com\/principal\/category\/servicio-al-cliente\/\" rel=\"category tag\">Servicio al Cliente<\/a>, <a href=\"https:\/\/dowerpeople.com\/principal\/category\/talento-humano\/\" rel=\"category tag\">Talento Humano<\/a>, <a href=\"https:\/\/dowerpeople.com\/principal\/category\/ventas\/\" rel=\"category tag\">ventas<\/a><\/li>\n                    <li itemprop=\"comment\" class=\"meta-comment pull-right\"><a href='https:\/\/dowerpeople.com\/principal\/sector-automotriz\/#respond' title='<i class=\"glyphicon glyphicon-comment\"><\/i> 0'> <i class=\"glyphicon glyphicon-comment\"><\/i> 0<\/a><\/li>\n                    <li class=\"meta-like pull-right\"><a href=\"javascript:;\" data-pid=\"1\" class=\"\"><i class=\"glyphicon glyphicon-heart\"><\/i> <span>0<\/span><\/a><\/li>\n                <\/ul>\n            <\/div>\n        <\/article>\n    <\/div>\n        <div class=\"col-md-6 col-sm-6 col-xs-12 loop-item\">\n        <article itemscope itemtype='http:\/\/schema.org\/BlogPosting' class=\"entry format-standard post-4240 post type-post status-publish has-post-thumbnail hentry category-sin-categoria\">\n            <div class=\"entry-media\">\n                        <a href=\"https:\/\/dowerpeople.com\/principal\/sector-seguros\/\"><img decoding=\"async\" itemprop=\"image\" src=\"https:\/\/dowerpeople.com\/principal\/wp-content\/uploads\/2017\/08\/sector-seguros-head-hunter-600x350.jpg\" alt=\"\" class=\"img-responsive\" \/><\/a>\n                    <\/div>            <div class=\"relative\">\n                <div class=\"entry-title\">\n                    <h2 itemprop=\"headline\">\n                        <a itemprop=\"url\" href=\"https:\/\/dowerpeople.com\/principal\/sector-seguros\/\">Sector Seguros<\/a>\n                    <\/h2>\n                <\/div>\n                        <div class=\"entry-content post-content\">\n            <p><b>Dimensionamiento y Capacidad de Plantilla requerida para el desarrollo de los negocios <\/b><b>en Latinoam\u00e9rica. <\/b>Determinaci\u00f3n del dimensionamiento \u00f3ptimo de plantilla, para las siete filiales del Cliente en Latinoam\u00e9rica (Colombia, Brasil, Argentina, M\u00e9xico, Per\u00fa, Venezuela y Chile), y la brecha de capacidad de la plantilla actual, en relaci\u00f3n con la capacidad requerida por el nuevo modelo organizativo. As\u00ed mismo, se estableci\u00f3 el nivel de dificultad de una posible amortizaci\u00f3n de puestos en cada Pa\u00eds.<\/p>\n<p> <a href=\"https:\/\/dowerpeople.com\/principal\/sector-seguros\/#more-4240\" class=\"more-link\"><span class=\"btn btn-default btn-sm\">Read more<\/span><\/a><\/p>\n        <\/div>\n                    <ul class=\"entry-meta list-inline\">\n                    <li itemprop=\"datePublished\" class=\"meta-date\">15 abril, 2026<\/li>\n                    <li itemprop=\"author\" class=\"meta-author\">BY <a href=\"https:\/\/dowerpeople.com\/principal\/author\/dower\/\" title=\"Entradas de dower\" rel=\"author\">dower<\/a><\/li>\n                    <li itemprop=\"keywords\" class=\"meta-category\">In <a href=\"https:\/\/dowerpeople.com\/principal\/category\/sin-categoria\/\" rel=\"category tag\">Sin categor\u00eda<\/a><\/li>\n                    <li itemprop=\"comment\" class=\"meta-comment pull-right\"><a href='https:\/\/dowerpeople.com\/principal\/sector-seguros\/#respond' title='<i class=\"glyphicon glyphicon-comment\"><\/i> 0'> <i class=\"glyphicon glyphicon-comment\"><\/i> 0<\/a><\/li>\n                    <li class=\"meta-like pull-right\"><a href=\"javascript:;\" data-pid=\"4240\" class=\"\"><i class=\"glyphicon glyphicon-heart\"><\/i> <span>3<\/span><\/a><\/li>\n                <\/ul>\n            <\/div>\n        <\/article>\n    <\/div>\n        <div class=\"col-md-6 col-sm-6 col-xs-12 loop-item\">\n        <article itemscope itemtype='http:\/\/schema.org\/BlogPosting' class=\"entry format-standard post-4242 post type-post status-publish has-post-thumbnail hentry category-sin-categoria\">\n            <div class=\"entry-media\">\n                        <a href=\"https:\/\/dowerpeople.com\/principal\/sector-equipos-industriales-construccion\/\"><img decoding=\"async\" itemprop=\"image\" src=\"https:\/\/dowerpeople.com\/principal\/wp-content\/uploads\/2017\/07\/industria-construccion-head-hunter-600x350.jpg\" alt=\"\" class=\"img-responsive\" \/><\/a>\n                    <\/div>            <div class=\"relative\">\n                <div class=\"entry-title\">\n                    <h2 itemprop=\"headline\">\n                        <a itemprop=\"url\" href=\"https:\/\/dowerpeople.com\/principal\/sector-equipos-industriales-construccion\/\">Sector Equipos Industriales \/ Construcci\u00f3n<\/a>\n                    <\/h2>\n                <\/div>\n                        <div class=\"entry-content post-content\">\n            <p><b>Selecci\u00f3n de la Fuerza Comercial para la Inicio de Operaci\u00f3n propia en <\/b><b>Colombia. <\/b>Obtenci\u00f3n del 25% de la participaci\u00f3n de mercado en el primer a\u00f1o. <a href=\"https:\/\/dowerpeople.com\/principal\/sector-equipos-industriales-construccion\/#more-4242\" class=\"more-link\"><span class=\"btn btn-default btn-sm\">Read more<\/span><\/a><\/p>\n        <\/div>\n                    <ul class=\"entry-meta list-inline\">\n                    <li itemprop=\"datePublished\" class=\"meta-date\">15 abril, 2026<\/li>\n                    <li itemprop=\"author\" class=\"meta-author\">BY <a href=\"https:\/\/dowerpeople.com\/principal\/author\/dower\/\" title=\"Entradas de dower\" rel=\"author\">dower<\/a><\/li>\n                    <li itemprop=\"keywords\" class=\"meta-category\">In <a href=\"https:\/\/dowerpeople.com\/principal\/category\/sin-categoria\/\" rel=\"category tag\">Sin categor\u00eda<\/a><\/li>\n                    <li itemprop=\"comment\" class=\"meta-comment pull-right\"><a href='https:\/\/dowerpeople.com\/principal\/sector-equipos-industriales-construccion\/#respond' title='<i class=\"glyphicon glyphicon-comment\"><\/i> 0'> <i class=\"glyphicon glyphicon-comment\"><\/i> 0<\/a><\/li>\n                    <li class=\"meta-like pull-right\"><a href=\"javascript:;\" data-pid=\"4242\" class=\"\"><i class=\"glyphicon glyphicon-heart\"><\/i> <span>0<\/span><\/a><\/li>\n                <\/ul>\n            <\/div>\n        <\/article>\n    <\/div>\n    <\/div>\n                            <\/div>\n                            \n                        <\/div><\/div><\/div><\/div><\/p>\n","protected":false},"excerpt":{"rendered":"","protected":false},"author":1,"featured_media":0,"parent":1936,"menu_order":0,"comment_status":"closed","ping_status":"closed","template":"","meta":{"footnotes":""},"class_list":["post-2026","page","type-page","status-publish","hentry"],"_links":{"self":[{"href":"https:\/\/dowerpeople.com\/principal\/wp-json\/wp\/v2\/pages\/2026","targetHints":{"allow":["GET"]}}],"collection":[{"href":"https:\/\/dowerpeople.com\/principal\/wp-json\/wp\/v2\/pages"}],"about":[{"href":"https:\/\/dowerpeople.com\/principal\/wp-json\/wp\/v2\/types\/page"}],"author":[{"embeddable":true,"href":"https:\/\/dowerpeople.com\/principal\/wp-json\/wp\/v2\/users\/1"}],"replies":[{"embeddable":true,"href":"https:\/\/dowerpeople.com\/principal\/wp-json\/wp\/v2\/comments?post=2026"}],"version-history":[{"count":7,"href":"https:\/\/dowerpeople.com\/principal\/wp-json\/wp\/v2\/pages\/2026\/revisions"}],"predecessor-version":[{"id":4618,"href":"https:\/\/dowerpeople.com\/principal\/wp-json\/wp\/v2\/pages\/2026\/revisions\/4618"}],"up":[{"embeddable":true,"href":"https:\/\/dowerpeople.com\/principal\/wp-json\/wp\/v2\/pages\/1936"}],"wp:attachment":[{"href":"https:\/\/dowerpeople.com\/principal\/wp-json\/wp\/v2\/media?parent=2026"}],"curies":[{"name":"wp","href":"https:\/\/api.w.org\/{rel}","templated":true}]}}